{"id":299,"date":"2026-01-07T09:27:44","date_gmt":"2026-01-07T09:27:44","guid":{"rendered":"https:\/\/holzkunsteder.at\/?page_id=299"},"modified":"2026-03-24T06:45:20","modified_gmt":"2026-03-24T06:45:20","slug":"hompeage-copy","status":"publish","type":"page","link":"https:\/\/holzkunsteder.at\/en\/","title":{"rendered":"home"},"content":{"rendered":"\t\t<div data-elementor-type=\"wp-page\" data-elementor-id=\"299\" class=\"elementor elementor-299\" data-elementor-post-type=\"page\">\n\t\t\t\t<div class=\"elementor-element elementor-element-6ad69447 e-con-full e-flex e-con e-parent\" data-id=\"6ad69447\" data-element_type=\"container\" data-e-type=\"container\" data-settings=\"{&quot;background_background&quot;:&quot;classic&quot;,&quot;motion_fx_motion_fx_scrolling&quot;:&quot;yes&quot;,&quot;background_motion_fx_motion_fx_scrolling&quot;:&quot;yes&quot;,&quot;background_motion_fx_translateY_effect&quot;:&quot;yes&quot;,&quot;background_motion_fx_translateY_speed&quot;:{&quot;unit&quot;:&quot;px&quot;,&quot;size&quot;:4.9,&quot;sizes&quot;:[]},&quot;background_motion_fx_devices&quot;:[&quot;desktop&quot;,&quot;tablet&quot;],&quot;background_motion_fx_translateY_affectedRange&quot;:{&quot;unit&quot;:&quot;%&quot;,&quot;size&quot;:&quot;&quot;,&quot;sizes&quot;:{&quot;start&quot;:0,&quot;end&quot;:100}},&quot;motion_fx_devices&quot;:[&quot;desktop&quot;,&quot;tablet&quot;,&quot;mobile&quot;]}\">\n\t\t\t\t<div class=\"elementor-element elementor-element-baa548a elementor-widget__width-initial elementor-widget elementor-widget-image\" data-id=\"baa548a\" data-element_type=\"widget\" data-e-type=\"widget\" data-widget_type=\"image.default\">\n\t\t\t\t<div class=\"elementor-widget-container\">\n\t\t\t\t\t\t\t\t\t\t\t\t\t\t\t<img fetchpriority=\"high\" decoding=\"async\" width=\"1761\" height=\"2560\" src=\"https:\/\/holzkunsteder.at\/wp-content\/uploads\/2026\/01\/DSC5008-Bearbeitet-mask-pic-scaled.png\" class=\"attachment-full size-full wp-image-799\" alt=\"\" srcset=\"https:\/\/holzkunsteder.at\/wp-content\/uploads\/2026\/01\/DSC5008-Bearbeitet-mask-pic-scaled.png 1761w, https:\/\/holzkunsteder.at\/wp-content\/uploads\/2026\/01\/DSC5008-Bearbeitet-mask-pic-206x300.png 206w, https:\/\/holzkunsteder.at\/wp-content\/uploads\/2026\/01\/DSC5008-Bearbeitet-mask-pic-704x1024.png 704w, https:\/\/holzkunsteder.at\/wp-content\/uploads\/2026\/01\/DSC5008-Bearbeitet-mask-pic-768x1116.png 768w, https:\/\/holzkunsteder.at\/wp-content\/uploads\/2026\/01\/DSC5008-Bearbeitet-mask-pic-1057x1536.png 1057w, https:\/\/holzkunsteder.at\/wp-content\/uploads\/2026\/01\/DSC5008-Bearbeitet-mask-pic-1409x2048.png 1409w, https:\/\/holzkunsteder.at\/wp-content\/uploads\/2026\/01\/DSC5008-Bearbeitet-mask-pic-600x872.png 600w\" sizes=\"(max-width: 1761px) 100vw, 1761px\" \/>\t\t\t\t\t\t\t\t\t\t\t\t\t\t\t<\/div>\n\t\t\t\t<\/div>\n\t\t\t\t<\/div>\n\t\t<div class=\"elementor-element elementor-element-3cb74a86 e-con-full e-flex e-con e-parent\" data-id=\"3cb74a86\" data-element_type=\"container\" data-e-type=\"container\" id=\"next\">\n\t\t\t\t<div class=\"elementor-element elementor-element-49bdd314 elementor-widget elementor-widget-heading\" data-id=\"49bdd314\" data-element_type=\"widget\" data-e-type=\"widget\" data-widget_type=\"heading.default\">\n\t\t\t\t<div class=\"elementor-widget-container\">\n\t\t\t\t\t<h1 class=\"elementor-heading-title elementor-size-default\">Holz. Handwerk. Ausdruck.<\/h1>\t\t\t\t<\/div>\n\t\t\t\t<\/div>\n\t\t\t\t<div class=\"elementor-element elementor-element-34f660eb elementor-widget__width-initial elementor-widget-mobile__width-inherit elementor-widget elementor-widget-text-editor\" data-id=\"34f660eb\" data-element_type=\"widget\" data-e-type=\"widget\" data-widget_type=\"text-editor.default\">\n\t\t\t\t<div class=\"elementor-widget-container\">\n\t\t\t\t\t\t\t\t\t<p>Handgefertigte Holzkunst aus den Alpen \u2013 jedes St\u00fcck ein Unikat.<\/p>\t\t\t\t\t\t\t\t<\/div>\n\t\t\t\t<\/div>\n\t\t<div class=\"elementor-element elementor-element-288f696f e-con-full e-flex e-con e-child\" data-id=\"288f696f\" data-element_type=\"container\" data-e-type=\"container\">\n\t\t<div class=\"elementor-element elementor-element-78cad3bb e-con-full e-flex e-con e-child\" data-id=\"78cad3bb\" data-element_type=\"container\" data-e-type=\"container\">\n\t\t\t\t<div class=\"elementor-element elementor-element-858b58b elementor-widget__width-auto elementor-widget-mobile__width-inherit elementor-invisible elementor-widget elementor-widget-heading\" data-id=\"858b58b\" data-element_type=\"widget\" data-e-type=\"widget\" data-settings=\"{&quot;_animation&quot;:&quot;fadeInRight&quot;}\" data-widget_type=\"heading.default\">\n\t\t\t\t<div class=\"elementor-widget-container\">\n\t\t\t\t\t<p class=\"elementor-heading-title elementor-size-default\">1<\/p>\t\t\t\t<\/div>\n\t\t\t\t<\/div>\n\t\t\t\t<div class=\"elementor-element elementor-element-4ccc325e elementor-widget__width-initial elementor-widget-tablet__width-initial elementor-widget-mobile__width-inherit elementor-widget elementor-widget-icon-box\" data-id=\"4ccc325e\" data-element_type=\"widget\" data-e-type=\"widget\" data-widget_type=\"icon-box.default\">\n\t\t\t\t<div class=\"elementor-widget-container\">\n\t\t\t\t\t\t\t<div class=\"elementor-icon-box-wrapper\">\n\n\t\t\t\n\t\t\t\t\t\t<div class=\"elementor-icon-box-content\">\n\n\t\t\t\t\t\t\t\t\t<h4 class=\"elementor-icon-box-title\">\n\t\t\t\t\t\t<span  >\n\t\t\t\t\t\t\tUrsprung\t\t\t\t\t\t<\/span>\n\t\t\t\t\t<\/h4>\n\t\t\t\t\n\t\t\t\t\t\t\t\t\t<p class=\"elementor-icon-box-description\">\n\t\t\t\t\t\tIn St. Georgen bei Zell am See entstehen die Masken von Holzkunst Eder \u2013 gepr\u00e4gt von alpiner Umgebung, regionaler Tradition und handwerklicher Arbeit am Holz.\t\t\t\t\t<\/p>\n\t\t\t\t\n\t\t\t<\/div>\n\t\t\t\n\t\t<\/div>\n\t\t\t\t\t\t<\/div>\n\t\t\t\t<\/div>\n\t\t\t\t<\/div>\n\t\t<div class=\"elementor-element elementor-element-1b4015d4 e-con-full e-flex e-con e-child\" data-id=\"1b4015d4\" data-element_type=\"container\" data-e-type=\"container\">\n\t\t\t\t<div class=\"elementor-element elementor-element-2dcfdee1 elementor-widget__width-auto elementor-widget-mobile__width-inherit elementor-invisible elementor-widget elementor-widget-heading\" data-id=\"2dcfdee1\" data-element_type=\"widget\" data-e-type=\"widget\" data-settings=\"{&quot;_animation&quot;:&quot;fadeInRight&quot;}\" data-widget_type=\"heading.default\">\n\t\t\t\t<div class=\"elementor-widget-container\">\n\t\t\t\t\t<p class=\"elementor-heading-title elementor-size-default\">2<\/p>\t\t\t\t<\/div>\n\t\t\t\t<\/div>\n\t\t\t\t<div class=\"elementor-element elementor-element-32559e7a elementor-widget__width-initial elementor-widget-tablet__width-initial elementor-widget-mobile__width-inherit elementor-widget elementor-widget-icon-box\" data-id=\"32559e7a\" data-element_type=\"widget\" data-e-type=\"widget\" data-widget_type=\"icon-box.default\">\n\t\t\t\t<div class=\"elementor-widget-container\">\n\t\t\t\t\t\t\t<div class=\"elementor-icon-box-wrapper\">\n\n\t\t\t\n\t\t\t\t\t\t<div class=\"elementor-icon-box-content\">\n\n\t\t\t\t\t\t\t\t\t<h4 class=\"elementor-icon-box-title\">\n\t\t\t\t\t\t<span  >\n\t\t\t\t\t\t\tHandwerk\t\t\t\t\t\t<\/span>\n\t\t\t\t\t<\/h4>\n\t\t\t\t\n\t\t\t\t\t\t\t\t\t<p class=\"elementor-icon-box-description\">\n\t\t\t\t\t\tJede Maske entsteht in traditioneller Handarbeit. Mit einfachen Werkzeugen, Erfahrung und viel Zeit wird aus Holz ein ausdrucksstarkes Einzelst\u00fcck.\t\t\t\t\t<\/p>\n\t\t\t\t\n\t\t\t<\/div>\n\t\t\t\n\t\t<\/div>\n\t\t\t\t\t\t<\/div>\n\t\t\t\t<\/div>\n\t\t\t\t<\/div>\n\t\t<div class=\"elementor-element elementor-element-506ddd66 e-con-full e-flex e-con e-child\" data-id=\"506ddd66\" data-element_type=\"container\" data-e-type=\"container\">\n\t\t\t\t<div class=\"elementor-element elementor-element-18d7243a elementor-widget__width-auto elementor-widget-mobile__width-inherit elementor-invisible elementor-widget elementor-widget-heading\" data-id=\"18d7243a\" data-element_type=\"widget\" data-e-type=\"widget\" data-settings=\"{&quot;_animation&quot;:&quot;fadeInRight&quot;}\" data-widget_type=\"heading.default\">\n\t\t\t\t<div class=\"elementor-widget-container\">\n\t\t\t\t\t<p class=\"elementor-heading-title elementor-size-default\">3<\/p>\t\t\t\t<\/div>\n\t\t\t\t<\/div>\n\t\t\t\t<div class=\"elementor-element elementor-element-2d399b79 elementor-widget__width-initial elementor-widget-tablet__width-initial elementor-widget-mobile__width-inherit elementor-widget elementor-widget-icon-box\" data-id=\"2d399b79\" data-element_type=\"widget\" data-e-type=\"widget\" data-widget_type=\"icon-box.default\">\n\t\t\t\t<div class=\"elementor-widget-container\">\n\t\t\t\t\t\t\t<div class=\"elementor-icon-box-wrapper\">\n\n\t\t\t\n\t\t\t\t\t\t<div class=\"elementor-icon-box-content\">\n\n\t\t\t\t\t\t\t\t\t<h4 class=\"elementor-icon-box-title\">\n\t\t\t\t\t\t<span  >\n\t\t\t\t\t\t\tMaterial\t\t\t\t\t\t<\/span>\n\t\t\t\t\t<\/h4>\n\t\t\t\t\n\t\t\t\t\t\t\t\t\t<p class=\"elementor-icon-box-description\">\n\t\t\t\t\t\tVerarbeitet wird ausgew\u00e4hltes Holz mit nat\u00fcrlicher Struktur. Maserung, Risse und Unregelm\u00e4\u00dfigkeiten bleiben sichtbar und machen jedes St\u00fcck einzigartig.\t\t\t\t\t<\/p>\n\t\t\t\t\n\t\t\t<\/div>\n\t\t\t\n\t\t<\/div>\n\t\t\t\t\t\t<\/div>\n\t\t\t\t<\/div>\n\t\t\t\t<\/div>\n\t\t\t\t<\/div>\n\t\t\t\t<\/div>\n\t\t<div class=\"elementor-element elementor-element-55118619 e-con-full elementor-hidden-desktop elementor-hidden-tablet elementor-hidden-mobile e-flex e-con e-parent\" data-id=\"55118619\" data-element_type=\"container\" data-e-type=\"container\" data-settings=\"{&quot;background_background&quot;:&quot;classic&quot;}\">\n\t\t\t\t<div class=\"elementor-element elementor-element-4caf589e elementor-widget elementor-widget-heading\" data-id=\"4caf589e\" data-element_type=\"widget\" data-e-type=\"widget\" data-widget_type=\"heading.default\">\n\t\t\t\t<div class=\"elementor-widget-container\">\n\t\t\t\t\t<h2 class=\"elementor-heading-title elementor-size-default\">Shop<\/h2>\t\t\t\t<\/div>\n\t\t\t\t<\/div>\n\t\t\t\t<div class=\"elementor-element elementor-element-125c12a6 elementor-widget__width-initial elementor-widget-mobile__width-inherit elementor-widget elementor-widget-text-editor\" data-id=\"125c12a6\" data-element_type=\"widget\" data-e-type=\"widget\" data-widget_type=\"text-editor.default\">\n\t\t\t\t<div class=\"elementor-widget-container\">\n\t\t\t\t\t\t\t\t\t<p class=\"p1\">Im Shop findest du ausgew\u00e4hlte Holzrohlinge zum Schnitzen, passendes Werkzeug sowie Merchandise. Alle Produkte sind sorgf\u00e4ltig ausgew\u00e4hlt und auf die Arbeit mit Holz abgestimmt \u2013 f\u00fcr alle, die Handwerk sch\u00e4tzen und selbst kreativ werden m\u00f6chten.<\/p>\t\t\t\t\t\t\t\t<\/div>\n\t\t\t\t<\/div>\n\t\t\t\t<div class=\"elementor-element elementor-element-4847834b elementor-mobile-align-center elementor-widget elementor-widget-button\" data-id=\"4847834b\" data-element_type=\"widget\" data-e-type=\"widget\" data-widget_type=\"button.default\">\n\t\t\t\t<div class=\"elementor-widget-container\">\n\t\t\t\t\t\t\t\t\t<div class=\"elementor-button-wrapper\">\n\t\t\t\t\t<a class=\"elementor-button elementor-button-link elementor-size-sm\" href=\"https:\/\/holzkunsteder.at\/shop\/\">\n\t\t\t\t\t\t<span class=\"elementor-button-content-wrapper\">\n\t\t\t\t\t\t<span class=\"elementor-button-icon\">\n\t\t\t\t<svg xmlns=\"http:\/\/www.w3.org\/2000\/svg\" id=\"e7693ca5-bf76-42df-999c-dbc3066cda9e\" data-name=\"Layer 1\" width=\"21.3525\" height=\"10.7197\" viewBox=\"0 0 21.3525 10.7197\"><polygon points=\"21 5.229 21.343 4.865 16.165 0 15.479 0.729 19.737 4.729 0 4.729 0 5.729 19.786 5.729 15.47 10.009 16.175 10.72 21.353 5.584 21 5.229\"><\/polygon><\/svg>\t\t\t<\/span>\n\t\t\t\t\t\t\t\t\t<span class=\"elementor-button-text\">shop<\/span>\n\t\t\t\t\t<\/span>\n\t\t\t\t\t<\/a>\n\t\t\t\t<\/div>\n\t\t\t\t\t\t\t\t<\/div>\n\t\t\t\t<\/div>\n\t\t\t\t<\/div>\n\t\t<div class=\"elementor-element elementor-element-23f7a349 e-con-full e-flex e-con e-parent\" data-id=\"23f7a349\" data-element_type=\"container\" data-e-type=\"container\" data-settings=\"{&quot;background_background&quot;:&quot;classic&quot;}\">\n\t\t<div class=\"elementor-element elementor-element-19c07c91 e-con-full e-flex e-con e-child\" data-id=\"19c07c91\" data-element_type=\"container\" data-e-type=\"container\">\n\t\t\t\t<div class=\"elementor-element elementor-element-5042ea20 elementor-widget__width-auto elementor-widget-mobile__width-inherit elementor-widget elementor-widget-heading\" data-id=\"5042ea20\" data-element_type=\"widget\" data-e-type=\"widget\" data-widget_type=\"heading.default\">\n\t\t\t\t<div class=\"elementor-widget-container\">\n\t\t\t\t\t<h2 class=\"elementor-heading-title elementor-size-default\">Handwerk, kurs &amp; masken<\/h2>\t\t\t\t<\/div>\n\t\t\t\t<\/div>\n\t\t\t\t<\/div>\n\t\t<div class=\"elementor-element elementor-element-719af2fd e-con-full e-flex e-con e-child\" data-id=\"719af2fd\" data-element_type=\"container\" data-e-type=\"container\">\n\t\t<div class=\"elementor-element elementor-element-47f43cfc e-con-full e-flex e-con e-child\" data-id=\"47f43cfc\" data-element_type=\"container\" data-e-type=\"container\">\n\t\t\t\t<div class=\"elementor-element elementor-element-e6ecf92 elementor-widget elementor-widget-image\" data-id=\"e6ecf92\" data-element_type=\"widget\" data-e-type=\"widget\" data-widget_type=\"image.default\">\n\t\t\t\t<div class=\"elementor-widget-container\">\n\t\t\t\t\t\t\t\t\t\t\t\t\t\t\t<img decoding=\"async\" width=\"495\" height=\"528\" src=\"https:\/\/holzkunsteder.at\/wp-content\/uploads\/2026\/02\/Artboard-1.jpg\" class=\"attachment-full size-full wp-image-1694\" alt=\"\" srcset=\"https:\/\/holzkunsteder.at\/wp-content\/uploads\/2026\/02\/Artboard-1.jpg 495w, https:\/\/holzkunsteder.at\/wp-content\/uploads\/2026\/02\/Artboard-1-281x300.jpg 281w, https:\/\/holzkunsteder.at\/wp-content\/uploads\/2026\/02\/Artboard-1-11x12.jpg 11w\" sizes=\"(max-width: 495px) 100vw, 495px\" \/>\t\t\t\t\t\t\t\t\t\t\t\t\t\t\t<\/div>\n\t\t\t\t<\/div>\n\t\t\t\t<div class=\"elementor-element elementor-element-70fd8f60 elementor-invisible elementor-widget elementor-widget-image-box\" data-id=\"70fd8f60\" data-element_type=\"widget\" data-e-type=\"widget\" data-settings=\"{&quot;_animation&quot;:&quot;fadeInDown&quot;}\" data-widget_type=\"image-box.default\">\n\t\t\t\t<div class=\"elementor-widget-container\">\n\t\t\t\t\t<div class=\"elementor-image-box-wrapper\"><div class=\"elementor-image-box-content\"><h4 class=\"elementor-image-box-title\"><a href=\"https:\/\/holzkunsteder.at\/maskenbestellung\/\">Maskenbestellung<\/a><\/h4><p class=\"elementor-image-box-description\">Das Maskenschnitzen ist eine der urspr\u00fcnglichsten Formen der Holzkunst. Charakter, Emotion und Bewegung entstehen direkt aus dem Material \u2013 Schicht f\u00fcr Schicht, Schnitt f\u00fcr Schnitt.<\/p><\/div><\/div>\t\t\t\t<\/div>\n\t\t\t\t<\/div>\n\t\t\t\t<\/div>\n\t\t<div class=\"elementor-element elementor-element-1ed65c3f e-con-full e-flex e-con e-child\" data-id=\"1ed65c3f\" data-element_type=\"container\" data-e-type=\"container\">\n\t\t\t\t<div class=\"elementor-element elementor-element-3c544008 elementor-widget elementor-widget-image\" data-id=\"3c544008\" data-element_type=\"widget\" data-e-type=\"widget\" data-widget_type=\"image.default\">\n\t\t\t\t<div class=\"elementor-widget-container\">\n\t\t\t\t\t\t\t\t\t\t\t\t\t\t\t\t<a href=\"https:\/\/holzkunsteder.at\/schnitzkurse\/\">\n\t\t\t\t\t\t\t<img decoding=\"async\" width=\"495\" height=\"528\" src=\"https:\/\/holzkunsteder.at\/wp-content\/uploads\/2026\/02\/Artboard-1-copy.jpg\" class=\"attachment-full size-full wp-image-1693\" alt=\"\" srcset=\"https:\/\/holzkunsteder.at\/wp-content\/uploads\/2026\/02\/Artboard-1-copy.jpg 495w, https:\/\/holzkunsteder.at\/wp-content\/uploads\/2026\/02\/Artboard-1-copy-281x300.jpg 281w, https:\/\/holzkunsteder.at\/wp-content\/uploads\/2026\/02\/Artboard-1-copy-11x12.jpg 11w\" sizes=\"(max-width: 495px) 100vw, 495px\" \/>\t\t\t\t\t\t\t\t<\/a>\n\t\t\t\t\t\t\t\t\t\t\t\t\t\t\t<\/div>\n\t\t\t\t<\/div>\n\t\t\t\t<div class=\"elementor-element elementor-element-26e631b2 elementor-invisible elementor-widget elementor-widget-image-box\" data-id=\"26e631b2\" data-element_type=\"widget\" data-e-type=\"widget\" data-settings=\"{&quot;_animation&quot;:&quot;fadeInDown&quot;}\" data-widget_type=\"image-box.default\">\n\t\t\t\t<div class=\"elementor-widget-container\">\n\t\t\t\t\t<div class=\"elementor-image-box-wrapper\"><div class=\"elementor-image-box-content\"><h4 class=\"elementor-image-box-title\"><a href=\"https:\/\/holzkunsteder.at\/schnitzkurse\/\">Schnitzkurse<\/a><\/h4><p class=\"elementor-image-box-description\">Wer tiefer in die Welt des Schnitzens eintauchen m\u00f6chte, hat dazu das ganze Jahr \u00fcber die M\u00f6glichkeit. In unseren Schnitzkursen vermitteln wir Grundlagen, Techniken und den Umgang mit Werkzeug und Material.<\/p><\/div><\/div>\t\t\t\t<\/div>\n\t\t\t\t<\/div>\n\t\t\t\t<\/div>\n\t\t\t\t<\/div>\n\t\t\t\t<\/div>\n\t\t<div class=\"elementor-element elementor-element-184f51f e-con-full e-flex e-con e-parent\" data-id=\"184f51f\" data-element_type=\"container\" data-e-type=\"container\" data-settings=\"{&quot;background_background&quot;:&quot;classic&quot;}\">\n\t\t\t\t<div class=\"elementor-element elementor-element-2bf95629 elementor-widget elementor-widget-heading\" data-id=\"2bf95629\" data-element_type=\"widget\" data-e-type=\"widget\" data-widget_type=\"heading.default\">\n\t\t\t\t<div class=\"elementor-widget-container\">\n\t\t\t\t\t<h2 class=\"elementor-heading-title elementor-size-default\">Lerne Maskenschnitzen auf Youtube<\/h2>\t\t\t\t<\/div>\n\t\t\t\t<\/div>\n\t\t\t\t<div class=\"elementor-element elementor-element-8f0d68a elementor-widget elementor-widget-image\" data-id=\"8f0d68a\" data-element_type=\"widget\" data-e-type=\"widget\" data-widget_type=\"image.default\">\n\t\t\t\t<div class=\"elementor-widget-container\">\n\t\t\t\t\t\t\t\t\t\t\t\t\t\t\t\t<a href=\"https:\/\/www.youtube.com\/watch?v=F0EAfjno7vM&#038;list=PLT1yFgzhqFbtnGrKvmC4aRKh8b19HxsCX\">\n\t\t\t\t\t\t\t<img loading=\"lazy\" decoding=\"async\" width=\"800\" height=\"524\" src=\"https:\/\/holzkunsteder.at\/wp-content\/uploads\/2026\/02\/roehren-tv-realistic-youtube-1024x671.png\" class=\"attachment-large size-large wp-image-1093\" alt=\"\" srcset=\"https:\/\/holzkunsteder.at\/wp-content\/uploads\/2026\/02\/roehren-tv-realistic-youtube-1024x671.png 1024w, https:\/\/holzkunsteder.at\/wp-content\/uploads\/2026\/02\/roehren-tv-realistic-youtube-300x197.png 300w, https:\/\/holzkunsteder.at\/wp-content\/uploads\/2026\/02\/roehren-tv-realistic-youtube-768x503.png 768w, https:\/\/holzkunsteder.at\/wp-content\/uploads\/2026\/02\/roehren-tv-realistic-youtube-1536x1006.png 1536w, https:\/\/holzkunsteder.at\/wp-content\/uploads\/2026\/02\/roehren-tv-realistic-youtube-600x393.png 600w, https:\/\/holzkunsteder.at\/wp-content\/uploads\/2026\/02\/roehren-tv-realistic-youtube.png 1873w\" sizes=\"(max-width: 800px) 100vw, 800px\" \/>\t\t\t\t\t\t\t\t<\/a>\n\t\t\t\t\t\t\t\t\t\t\t\t\t\t\t<\/div>\n\t\t\t\t<\/div>\n\t\t\t\t<\/div>\n\t\t<div class=\"elementor-element elementor-element-e24ff12 e-con-full e-flex e-con e-parent\" data-id=\"e24ff12\" data-element_type=\"container\" data-e-type=\"container\" data-settings=\"{&quot;background_background&quot;:&quot;classic&quot;}\">\n\t\t\t\t<div class=\"elementor-element elementor-element-9389c5a elementor-widget elementor-widget-heading\" data-id=\"9389c5a\" data-element_type=\"widget\" data-e-type=\"widget\" data-widget_type=\"heading.default\">\n\t\t\t\t<div class=\"elementor-widget-container\">\n\t\t\t\t\t<h2 class=\"elementor-heading-title elementor-size-default\">Holzkunst Eder<\/h2>\t\t\t\t<\/div>\n\t\t\t\t<\/div>\n\t\t\t\t<div class=\"elementor-element elementor-element-4c83589 elementor-widget__width-initial elementor-widget-mobile__width-inherit elementor-widget elementor-widget-text-editor\" data-id=\"4c83589\" data-element_type=\"widget\" data-e-type=\"widget\" data-widget_type=\"text-editor.default\">\n\t\t\t\t<div class=\"elementor-widget-container\">\n\t\t\t\t\t\t\t\t\t<p class=\"p1\">Sebastian Eder lebt und arbeitet in St. Georgen bei Zell am See. In seiner Werkstatt entstehen handgeschnitzte Masken und Holzarbeiten, gepr\u00e4gt von regionaler Tradition, der alpinen Umgebung und einem tiefen Verst\u00e4ndnis f\u00fcr das Material. Mit viel Erfahrung, Geduld und einem feinen Gesp\u00fcr f\u00fcr Form entwickelt er aus rohem Holz ausdrucksstarke Unikate, bei denen Charakter und Ursprung stets im Mittelpunkt stehen.<\/p>\t\t\t\t\t\t\t\t<\/div>\n\t\t\t\t<\/div>\n\t\t\t\t<div class=\"elementor-element elementor-element-6e7f6e3 elementor-mobile-align-center elementor-widget elementor-widget-button\" data-id=\"6e7f6e3\" data-element_type=\"widget\" data-e-type=\"widget\" data-widget_type=\"button.default\">\n\t\t\t\t<div class=\"elementor-widget-container\">\n\t\t\t\t\t\t\t\t\t<div class=\"elementor-button-wrapper\">\n\t\t\t\t\t<a class=\"elementor-button elementor-button-link elementor-size-sm\" href=\"https:\/\/holzkunsteder.at\/about\/\">\n\t\t\t\t\t\t<span class=\"elementor-button-content-wrapper\">\n\t\t\t\t\t\t<span class=\"elementor-button-icon\">\n\t\t\t\t<svg xmlns=\"http:\/\/www.w3.org\/2000\/svg\" id=\"e7693ca5-bf76-42df-999c-dbc3066cda9e\" data-name=\"Layer 1\" width=\"21.3525\" height=\"10.7197\" viewBox=\"0 0 21.3525 10.7197\"><polygon points=\"21 5.229 21.343 4.865 16.165 0 15.479 0.729 19.737 4.729 0 4.729 0 5.729 19.786 5.729 15.47 10.009 16.175 10.72 21.353 5.584 21 5.229\"><\/polygon><\/svg>\t\t\t<\/span>\n\t\t\t\t\t\t\t\t\t<span class=\"elementor-button-text\">About<\/span>\n\t\t\t\t\t<\/span>\n\t\t\t\t\t<\/a>\n\t\t\t\t<\/div>\n\t\t\t\t\t\t\t\t<\/div>\n\t\t\t\t<\/div>\n\t\t\t\t<\/div>\n\t\t\t\t<\/div>\n\t\t","protected":false},"excerpt":{"rendered":"<p>Holz. Handwerk. Ausdruck. Handgefertigte Holzkunst aus den Alpen \u2013 jedes St\u00fcck ein Unikat. 1 Ursprung In St. Georgen bei Zell am See entstehen die Masken von Holzkunst Eder \u2013 gepr\u00e4gt von alpiner Umgebung, regionaler Tradition und handwerklicher Arbeit am Holz. 2 Handwerk Jede Maske entsteht in traditioneller Handarbeit. Mit einfachen Werkzeugen, Erfahrung und viel Zeit [&hellip;]<\/p>\n","protected":false},"author":2,"featured_media":0,"parent":0,"menu_order":0,"comment_status":"closed","ping_status":"closed","template":"elementor_header_footer","meta":{"footnotes":""},"class_list":["post-299","page","type-page","status-publish","hentry"],"_links":{"self":[{"href":"https:\/\/holzkunsteder.at\/en\/wp-json\/wp\/v2\/pages\/299","targetHints":{"allow":["GET"]}}],"collection":[{"href":"https:\/\/holzkunsteder.at\/en\/wp-json\/wp\/v2\/pages"}],"about":[{"href":"https:\/\/holzkunsteder.at\/en\/wp-json\/wp\/v2\/types\/page"}],"author":[{"embeddable":true,"href":"https:\/\/holzkunsteder.at\/en\/wp-json\/wp\/v2\/users\/2"}],"replies":[{"embeddable":true,"href":"https:\/\/holzkunsteder.at\/en\/wp-json\/wp\/v2\/comments?post=299"}],"version-history":[{"count":344,"href":"https:\/\/holzkunsteder.at\/en\/wp-json\/wp\/v2\/pages\/299\/revisions"}],"predecessor-version":[{"id":1847,"href":"https:\/\/holzkunsteder.at\/en\/wp-json\/wp\/v2\/pages\/299\/revisions\/1847"}],"wp:attachment":[{"href":"https:\/\/holzkunsteder.at\/en\/wp-json\/wp\/v2\/media?parent=299"}],"curies":[{"name":"wp","href":"https:\/\/api.w.org\/{rel}","templated":true}]}}