{"id":1813,"date":"2026-03-23T18:45:28","date_gmt":"2026-03-23T18:45:28","guid":{"rendered":"https:\/\/holzkunsteder.at\/?post_type=product&#038;p=1813"},"modified":"2026-04-24T09:34:32","modified_gmt":"2026-04-24T09:34:32","slug":"schnitzschablone","status":"publish","type":"product","link":"https:\/\/holzkunsteder.at\/en\/product\/schnitzschablone\/","title":{"rendered":"Schnitzschablone"},"content":{"rendered":"<p>das Template tool f\u00fcr deine Krampusmaske. Alle wichtigen ma\u00dfe sind auf dem Werkzeug eingezeichnet. Damit kommst du dem Schritt von deiner eigenenen Krampusmaske schon sehr viel n\u00e4her.<\/p>","protected":false},"excerpt":{"rendered":"<p>das Template tool f\u00fcr deine Krampusmaske. Alle wichtigen ma\u00dfe sind auf dem Werkzeug eingezeichnet. Damit kommst du dem Schritt von deiner eigenenen Krampusmaske schon sehr viel n\u00e4her.<\/p>","protected":false},"featured_media":1856,"comment_status":"closed","ping_status":"closed","template":"","meta":[],"product_brand":[],"product_cat":[31],"product_tag":[],"class_list":{"0":"post-1813","1":"product","2":"type-product","3":"status-publish","4":"has-post-thumbnail","6":"product_cat-werkzeug","8":"first","9":"instock","10":"taxable","11":"shipping-taxable","12":"purchasable","13":"product-type-simple"},"_links":{"self":[{"href":"https:\/\/holzkunsteder.at\/en\/wp-json\/wp\/v2\/product\/1813","targetHints":{"allow":["GET"]}}],"collection":[{"href":"https:\/\/holzkunsteder.at\/en\/wp-json\/wp\/v2\/product"}],"about":[{"href":"https:\/\/holzkunsteder.at\/en\/wp-json\/wp\/v2\/types\/product"}],"replies":[{"embeddable":true,"href":"https:\/\/holzkunsteder.at\/en\/wp-json\/wp\/v2\/comments?post=1813"}],"wp:featuredmedia":[{"embeddable":true,"href":"https:\/\/holzkunsteder.at\/en\/wp-json\/wp\/v2\/media\/1856"}],"wp:attachment":[{"href":"https:\/\/holzkunsteder.at\/en\/wp-json\/wp\/v2\/media?parent=1813"}],"wp:term":[{"taxonomy":"product_brand","embeddable":true,"href":"https:\/\/holzkunsteder.at\/en\/wp-json\/wp\/v2\/product_brand?post=1813"},{"taxonomy":"product_cat","embeddable":true,"href":"https:\/\/holzkunsteder.at\/en\/wp-json\/wp\/v2\/product_cat?post=1813"},{"taxonomy":"product_tag","embeddable":true,"href":"https:\/\/holzkunsteder.at\/en\/wp-json\/wp\/v2\/product_tag?post=1813"}],"curies":[{"name":"wp","href":"https:\/\/api.w.org\/{rel}","templated":true}]}}